{"id":182,"date":"2016-10-11T16:16:02","date_gmt":"2016-10-11T14:16:02","guid":{"rendered":"https:\/\/gbindoun.com\/wpgb\/?page_id=182"},"modified":"2026-02-02T23:15:39","modified_gmt":"2026-02-02T22:15:39","slug":"anciens-travaux","status":"publish","type":"page","link":"https:\/\/gbindoun.com\/archives\/galerie-oeuvres-peintures-art-brut-anne-marie\/anciens-travaux\/","title":{"rendered":"Anciens travaux"},"content":{"rendered":"<div id=\"attachment_29\" style=\"width: 410px\" class=\"wp-caption alignright\"><img loading=\"lazy\" decoding=\"async\" aria-describedby=\"caption-attachment-29\" class=\"wp-image-29\" src=\"https:\/\/gbindoun.com\/archives\/wp-content\/uploads\/2016\/09\/portrait-1-300x215.jpg\" alt=\"Portrait Anne Marie Gbindoun Giorgis\" width=\"400\" height=\"286\" srcset=\"https:\/\/gbindoun.com\/archives\/wp-content\/uploads\/2016\/09\/portrait-1-300x215.jpg 300w, https:\/\/gbindoun.com\/archives\/wp-content\/uploads\/2016\/09\/portrait-1.jpg 591w\" sizes=\"auto, (max-width: 400px) 100vw, 400px\" \/><p id=\"caption-attachment-29\" class=\"wp-caption-text\"><span style=\"color:#cfcfcf;\">\u00a9 Jean Mayerat , Suisse<\/span><\/p><\/div>\n<blockquote class=\"center\">\r\n\r\n\"ANNE-MARIE NE REVIT PAS, ELLE VIT.\"\r\n\r\n<\/blockquote>\n<p>&nbsp;<\/p>\n<hr \/>\n<p>&nbsp;<\/p>\n<p style=\"text-align: justify;\">Quand Anne-Marie Agile Gbindoun peint, elle bat le fer, le fait crier et lancer des \u00e9tincelles. C&rsquo;est aussi une mani\u00e8re forte d&rsquo;\u00e9crire, de r\u00e9\u00e9crire ce qu&rsquo;elle voit en elle-m\u00eame comme au dehors. Si elle a commenc\u00e9 \u00e0 dessiner et peindre sur du papier journal, c&rsquo;est parce qu&rsquo;elle n&rsquo;avait pas les moyens financiers de se procurer du papier v\u00e9lin &#8230;<br \/>\nMais du coup, elle est devenue palimpseste en couvrant de ses propres traits, de sa propre graphie, des \u00e9critures ant\u00e9rieures, ext\u00e9rieures. Quelle volupt\u00e9, quel vertige que de se sentir capable de r\u00e9\u00e9crire le monde sans la pr\u00e9tention de le refaire. On ne refait pas le monde ni sa vie. On ne refait rien; \u00e9crire des formes, c&rsquo;est faire tout court.<\/p>\n<p><em>Gilbert Salem, printemps 2005<\/em><\/p>\n<hr \/>\n<p>&nbsp;<\/p>\n","protected":false},"excerpt":{"rendered":"<p>&nbsp; &nbsp; Quand Anne-Marie Agile Gbindoun peint, elle bat le fer, le fait crier et lancer des \u00e9tincelles. C&rsquo;est aussi une mani\u00e8re forte d&rsquo;\u00e9crire, de r\u00e9\u00e9crire ce qu&rsquo;elle voit en elle-m\u00eame comme au dehors. Si elle a commenc\u00e9 \u00e0 dessiner et peindre sur du papier journal, c&rsquo;est parce qu&rsquo;elle n&rsquo;avait pas les moyens financiers de se procurer du papier v\u00e9lin &#8230; Mais du coup, elle est devenue palimpseste en couvrant de ses propres traits, de sa propre graphie, des \u00e9critures ant\u00e9rieures, ext\u00e9rieures. Quelle volupt\u00e9, quel vertige que de se sentir capable de r\u00e9\u00e9crire le monde sans la pr\u00e9tention de le refaire. On ne refait pas le monde ni sa vie. On ne refait rien; \u00e9crire des formes, c&rsquo;est faire tout court. Gilbert Salem, printemps 2005 &nbsp;<\/p>\n","protected":false},"author":1,"featured_media":0,"parent":13,"menu_order":0,"comment_status":"closed","ping_status":"closed","template":"","meta":{"footnotes":""},"class_list":["post-182","page","type-page","status-publish","hentry"],"_links":{"self":[{"href":"https:\/\/gbindoun.com\/archives\/wp-json\/wp\/v2\/pages\/182","targetHints":{"allow":["GET"]}}],"collection":[{"href":"https:\/\/gbindoun.com\/archives\/wp-json\/wp\/v2\/pages"}],"about":[{"href":"https:\/\/gbindoun.com\/archives\/wp-json\/wp\/v2\/types\/page"}],"author":[{"embeddable":true,"href":"https:\/\/gbindoun.com\/archives\/wp-json\/wp\/v2\/users\/1"}],"replies":[{"embeddable":true,"href":"https:\/\/gbindoun.com\/archives\/wp-json\/wp\/v2\/comments?post=182"}],"version-history":[{"count":10,"href":"https:\/\/gbindoun.com\/archives\/wp-json\/wp\/v2\/pages\/182\/revisions"}],"predecessor-version":[{"id":956,"href":"https:\/\/gbindoun.com\/archives\/wp-json\/wp\/v2\/pages\/182\/revisions\/956"}],"up":[{"embeddable":true,"href":"https:\/\/gbindoun.com\/archives\/wp-json\/wp\/v2\/pages\/13"}],"wp:attachment":[{"href":"https:\/\/gbindoun.com\/archives\/wp-json\/wp\/v2\/media?parent=182"}],"curies":[{"name":"wp","href":"https:\/\/api.w.org\/{rel}","templated":true}]}}